{"id":10,"date":"2011-02-04T19:41:50","date_gmt":"2011-02-04T19:41:50","guid":{"rendered":"https:\/\/televisionpublica.es\/"},"modified":"2011-02-04T19:42:29","modified_gmt":"2011-02-04T19:42:29","slug":"10-2","status":"publish","type":"page","link":"https:\/\/televisionpublica.es\/?page_id=10","title":{"rendered":"Mercado de dominios"},"content":{"rendered":"<p style=\"text-align: justify;\">Este dominio, se edita para analizar, opinar, cr\u00edticar a la televisi\u00f3n publica.  Se realiza por la empresa MGJM  SL, y los articulos son de Imanol. Si lo consideras conveniente difundelo en las redes sociales.<\/p>\n<p style=\"text-align: justify;\">Este dominio identifica claramente el tema sobre el que trata por lo que es muy f\u00e1cil crecer dentro de su tem\u00e1tica en buscadores, y puede ser destinado a defender o defenestrar  la\u00a0 televisi\u00f3n p\u00fablica. El tema es  amplisimo y si lo asume alguien con pasi\u00f3n puede llevar muy lejos esta pagina web.<\/p>\n<p style=\"text-align: justify;\">Este dominio y el desarrollo que puedes ver en el, se encuentra a la venta en www.marketofdomains.com. Puedes realizar <a href=\"http:\/\/www.marketofdomains.com\/index.php\/categoria-contactar\/12-contacts\/1-carlos\" target=\"_blank\">una oferta<\/a> o <a href=\"http:\/\/www.marketofdomains.com\/index.php\/catalogo?page=shop.product_details&amp;product_id=1177&amp;flypage=flypage.tpl&amp;pop=0\" target=\"_blank\">comprarlo directamente<\/a>. Si te interesa introducir publicidad, <a href=\"http:\/\/marketofdomains.com\/index.php\/categoria-contactar\/12-contacts\/2-inserciones-publicitarias\" target=\"_blank\">contactanos<\/a>.<\/p>\n<p style=\"text-align: justify;\">\n<div id=\"attachment_11\" style=\"width: 120px\" class=\"wp-caption aligncenter\"><a href=\"https:\/\/televisionpublica.es\/wp-content\/uploads\/2011\/02\/propagandafacebook.jpg\"><img loading=\"lazy\" decoding=\"async\" aria-describedby=\"caption-attachment-11\" class=\"size-full wp-image-11\" title=\"propagandafacebook\" src=\"https:\/\/televisionpublica.es\/wp-content\/uploads\/2011\/02\/propagandafacebook.jpg\" alt=\"\" width=\"110\" height=\"80\" \/><\/a><p id=\"caption-attachment-11\" class=\"wp-caption-text\">Mercado de dominios<\/p><\/div>\n","protected":false},"excerpt":{"rendered":"<p>Este dominio, se edita para analizar, opinar, cr\u00edticar a la televisi\u00f3n publica. Se realiza por la empresa MGJM SL, y los articulos son de Imanol. Si lo consideras conveniente difundelo en las redes sociales. Este dominio identifica claramente el tema sobre el que trata por lo que es muy f\u00e1cil crecer dentro de su tem\u00e1tica [&hellip;]<\/p>\n","protected":false},"author":2,"featured_media":0,"parent":0,"menu_order":0,"comment_status":"open","ping_status":"closed","template":"","meta":{"footnotes":""},"class_list":["post-10","page","type-page","status-publish","hentry"],"aioseo_notices":[],"_links":{"self":[{"href":"https:\/\/televisionpublica.es\/index.php?rest_route=\/wp\/v2\/pages\/10","targetHints":{"allow":["GET"]}}],"collection":[{"href":"https:\/\/televisionpublica.es\/index.php?rest_route=\/wp\/v2\/pages"}],"about":[{"href":"https:\/\/televisionpublica.es\/index.php?rest_route=\/wp\/v2\/types\/page"}],"author":[{"embeddable":true,"href":"https:\/\/televisionpublica.es\/index.php?rest_route=\/wp\/v2\/users\/2"}],"replies":[{"embeddable":true,"href":"https:\/\/televisionpublica.es\/index.php?rest_route=%2Fwp%2Fv2%2Fcomments&post=10"}],"version-history":[{"count":3,"href":"https:\/\/televisionpublica.es\/index.php?rest_route=\/wp\/v2\/pages\/10\/revisions"}],"predecessor-version":[{"id":14,"href":"https:\/\/televisionpublica.es\/index.php?rest_route=\/wp\/v2\/pages\/10\/revisions\/14"}],"wp:attachment":[{"href":"https:\/\/televisionpublica.es\/index.php?rest_route=%2Fwp%2Fv2%2Fmedia&parent=10"}],"curies":[{"name":"wp","href":"https:\/\/api.w.org\/{rel}","templated":true}]}}